{"id":3191,"date":"2024-03-12T09:00:51","date_gmt":"2024-03-12T08:00:51","guid":{"rendered":"https:\/\/rojtesbojt.hu\/?page_id=3191"},"modified":"2024-03-18T18:12:29","modified_gmt":"2024-03-18T17:12:29","slug":"%e8%95%99%e5%85%b0","status":"publish","type":"page","link":"https:\/\/rojtesbojt.hu\/zh\/amelia\/","title":{"rendered":"\u8559\u5170"},"content":{"rendered":"<div data-elementor-type=\"wp-page\" data-elementor-id=\"3191\" class=\"elementor elementor-3191\" data-elementor-post-type=\"page\">\n\t\t\t\t<div class=\"elementor-element elementor-element-0bd6774 e-con-full e-flex e-con e-parent\" data-id=\"0bd6774\" data-element_type=\"container\" data-e-type=\"container\">\n\t\t\t\t<\/div>\n\t\t\t\t<\/div>","protected":false},"excerpt":{"rendered":"<p>[ameliastepbooking]<\/p>\n","protected":false},"author":1,"featured_media":0,"parent":0,"menu_order":0,"comment_status":"closed","ping_status":"closed","template":"elementor_canvas","meta":{"footnotes":""},"class_list":["post-3191","page","type-page","status-publish","hentry"],"yoast_head":"<!-- This site is optimized with the Yoast SEO Premium plugin v27.5 (Yoast SEO v27.5) - https:\/\/yoast.com\/product\/yoast-seo-premium-wordpress\/ -->\n<title>amelia | Rojt \u00e9s Bojt<\/title>\n<meta name=\"robots\" content=\"index, follow, max-snippet:-1, max-image-preview:large, max-video-preview:-1\" \/>\n<link rel=\"canonical\" href=\"https:\/\/rojtesbojt.hu\/zh\/\u8559\u5170\/\" \/>\n<meta property=\"og:locale\" content=\"zh_CN\" \/>\n<meta property=\"og:type\" content=\"article\" \/>\n<meta property=\"og:title\" content=\"amelia\" \/>\n<meta property=\"og:description\" content=\"[ameliastepbooking]\" \/>\n<meta property=\"og:url\" content=\"https:\/\/rojtesbojt.hu\/zh\/\u8559\u5170\/\" \/>\n<meta property=\"og:site_name\" content=\"Rojt \u00e9s Bojt\" \/>\n<meta property=\"article:publisher\" content=\"https:\/\/www.facebook.com\/rojtesbojtkaveskucko\" \/>\n<meta property=\"article:modified_time\" content=\"2024-03-18T17:12:29+00:00\" \/>\n<meta property=\"og:image\" content=\"https:\/\/rojtesbojt.hu\/wp-content\/uploads\/2023\/05\/rojtesbojt_regi_logo.jpg\" \/>\n\t<meta property=\"og:image:width\" content=\"600\" \/>\n\t<meta property=\"og:image:height\" content=\"600\" \/>\n\t<meta property=\"og:image:type\" content=\"image\/jpeg\" \/>\n<meta name=\"twitter:card\" content=\"summary_large_image\" \/>\n<meta name=\"twitter:label1\" content=\"\u9884\u8ba1\u9605\u8bfb\u65f6\u95f4\" \/>\n\t<meta name=\"twitter:data1\" content=\"1 \u5206\" \/>\n<script type=\"application\/ld+json\" class=\"yoast-schema-graph\">{\"@context\":\"https:\\\/\\\/schema.org\",\"@graph\":[{\"@type\":\"WebPage\",\"@id\":\"https:\\\/\\\/rojtesbojt.hu\\\/en\\\/amelia\\\/\",\"url\":\"https:\\\/\\\/rojtesbojt.hu\\\/en\\\/amelia\\\/\",\"name\":\"amelia | Rojt \u00e9s Bojt\",\"isPartOf\":{\"@id\":\"https:\\\/\\\/rojtesbojt.hu\\\/#website\"},\"datePublished\":\"2024-03-12T08:00:51+00:00\",\"dateModified\":\"2024-03-18T17:12:29+00:00\",\"breadcrumb\":{\"@id\":\"https:\\\/\\\/rojtesbojt.hu\\\/en\\\/amelia\\\/#breadcrumb\"},\"inLanguage\":\"zh-Hans\",\"potentialAction\":[{\"@type\":\"ReadAction\",\"target\":[\"https:\\\/\\\/rojtesbojt.hu\\\/en\\\/amelia\\\/\"]}]},{\"@type\":\"BreadcrumbList\",\"@id\":\"https:\\\/\\\/rojtesbojt.hu\\\/en\\\/amelia\\\/#breadcrumb\",\"itemListElement\":[{\"@type\":\"ListItem\",\"position\":1,\"name\":\"Home\",\"item\":\"https:\\\/\\\/rojtesbojt.hu\\\/hu_HU\\\/\"},{\"@type\":\"ListItem\",\"position\":2,\"name\":\"amelia\"}]},{\"@type\":\"WebSite\",\"@id\":\"https:\\\/\\\/rojtesbojt.hu\\\/#website\",\"url\":\"https:\\\/\\\/rojtesbojt.hu\\\/\",\"name\":\"Rojt \u00e9s Bojt | Coffee\",\"description\":\"-It&#039;s always Coffe and Tea time...-. \u00dcdv\u00f6z\u00f6lj\u00fck a Rojt \u00e9s Bojt Coffee vil\u00e1g\u00e1ban! \u201d Legyen a sz\u00e9ps\u00e9g, amit szeret\u00fcnk, az, amit tesz\u00fcnk.\",\"publisher\":{\"@id\":\"https:\\\/\\\/rojtesbojt.hu\\\/#organization\"},\"alternateName\":\"Rojt \u00e9s Bojt Coffee\",\"potentialAction\":[{\"@type\":\"SearchAction\",\"target\":{\"@type\":\"EntryPoint\",\"urlTemplate\":\"https:\\\/\\\/rojtesbojt.hu\\\/?s={search_term_string}\"},\"query-input\":{\"@type\":\"PropertyValueSpecification\",\"valueRequired\":true,\"valueName\":\"search_term_string\"}}],\"inLanguage\":\"zh-Hans\"},{\"@type\":\"Organization\",\"@id\":\"https:\\\/\\\/rojtesbojt.hu\\\/#organization\",\"name\":\"Rojt \u00e9s Bojt K\u00e1v\u00e9z\u00f3\",\"alternateName\":\"Rojt \u00e9s Bojt\",\"url\":\"https:\\\/\\\/rojtesbojt.hu\\\/\",\"logo\":{\"@type\":\"ImageObject\",\"inLanguage\":\"zh-Hans\",\"@id\":\"https:\\\/\\\/rojtesbojt.hu\\\/#\\\/schema\\\/logo\\\/image\\\/\",\"url\":\"https:\\\/\\\/rojtesbojt.hu\\\/wp-content\\\/uploads\\\/2023\\\/05\\\/LOGO-e1685651543686.png\",\"contentUrl\":\"https:\\\/\\\/rojtesbojt.hu\\\/wp-content\\\/uploads\\\/2023\\\/05\\\/LOGO-e1685651543686.png\",\"width\":512,\"height\":512,\"caption\":\"Rojt \u00e9s Bojt K\u00e1v\u00e9z\u00f3\"},\"image\":{\"@id\":\"https:\\\/\\\/rojtesbojt.hu\\\/#\\\/schema\\\/logo\\\/image\\\/\"},\"sameAs\":[\"https:\\\/\\\/www.facebook.com\\\/rojtesbojtkaveskucko\",\"https:\\\/\\\/www.instagram.com\\\/rojtesbojt\\\/\",\"https:\\\/\\\/www.facebook.com\\\/rojtesbojtcoffee\",\"https:\\\/\\\/www.tiktok.com\\\/@rojtesbojt\"]}]}<\/script>\n<!-- \/ Yoast SEO Premium plugin. -->","yoast_head_json":{"title":"amelia | \u6d41\u82cf","robots":{"index":"index","follow":"follow","max-snippet":"max-snippet:-1","max-image-preview":"max-image-preview:large","max-video-preview":"max-video-preview:-1"},"canonical":"https:\/\/rojtesbojt.hu\/zh\/\u8559\u5170\/","og_locale":"zh_CN","og_type":"article","og_title":"amelia","og_description":"[ameliastepbooking]","og_url":"https:\/\/rojtesbojt.hu\/zh\/\u8559\u5170\/","og_site_name":"Rojt \u00e9s Bojt","article_publisher":"https:\/\/www.facebook.com\/rojtesbojtkaveskucko","article_modified_time":"2024-03-18T17:12:29+00:00","og_image":[{"width":600,"height":600,"url":"https:\/\/rojtesbojt.hu\/wp-content\/uploads\/2023\/05\/rojtesbojt_regi_logo.jpg","type":"image\/jpeg"}],"twitter_card":"summary_large_image","twitter_misc":{"\u9884\u8ba1\u9605\u8bfb\u65f6\u95f4":"1 \u5206"},"schema":{"@context":"https:\/\/schema.org","@graph":[{"@type":"WebPage","@id":"https:\/\/rojtesbojt.hu\/en\/amelia\/","url":"https:\/\/rojtesbojt.hu\/en\/amelia\/","name":"amelia | \u6d41\u82cf","isPartOf":{"@id":"https:\/\/rojtesbojt.hu\/#website"},"datePublished":"2024-03-12T08:00:51+00:00","dateModified":"2024-03-18T17:12:29+00:00","breadcrumb":{"@id":"https:\/\/rojtesbojt.hu\/en\/amelia\/#breadcrumb"},"inLanguage":"zh-Hans","potentialAction":[{"@type":"ReadAction","target":["https:\/\/rojtesbojt.hu\/en\/amelia\/"]}]},{"@type":"BreadcrumbList","@id":"https:\/\/rojtesbojt.hu\/en\/amelia\/#breadcrumb","itemListElement":[{"@type":"ListItem","position":1,"name":"Home","item":"https:\/\/rojtesbojt.hu\/hu_HU\/"},{"@type":"ListItem","position":2,"name":"amelia"}]},{"@type":"WebSite","@id":"https:\/\/rojtesbojt.hu\/#website","url":"https:\/\/rojtesbojt.hu\/","name":"Rojt \u548c Bojt | \u5496\u5561","description":"-\u6b22\u8fce\u6765\u5230 Rojt \u548c Bojt \u5496\u5561\u7684\u4e16\u754c\uff01\"\u8ba9\u6211\u4eec\u6240\u7231\u4e4b\u7f8e\u6210\u4e3a\u6211\u4eec\u5de5\u4f5c\u4e4b\u7f8e\u3002","publisher":{"@id":"https:\/\/rojtesbojt.hu\/#organization"},"alternateName":"Rojt \u00e9s Bojt Coffee","potentialAction":[{"@type":"SearchAction","target":{"@type":"EntryPoint","urlTemplate":"https:\/\/rojtesbojt.hu\/?s={search_term_string}"},"query-input":{"@type":"PropertyValueSpecification","valueRequired":true,"valueName":"search_term_string"}}],"inLanguage":"zh-Hans"},{"@type":"Organization","@id":"https:\/\/rojtesbojt.hu\/#organization","name":"Rojt\u548cBojt\u5496\u5561\u9986","alternateName":"Rojt \u00e9s Bojt","url":"https:\/\/rojtesbojt.hu\/","logo":{"@type":"ImageObject","inLanguage":"zh-Hans","@id":"https:\/\/rojtesbojt.hu\/#\/schema\/logo\/image\/","url":"https:\/\/rojtesbojt.hu\/wp-content\/uploads\/2023\/05\/LOGO-e1685651543686.png","contentUrl":"https:\/\/rojtesbojt.hu\/wp-content\/uploads\/2023\/05\/LOGO-e1685651543686.png","width":512,"height":512,"caption":"Rojt \u00e9s Bojt K\u00e1v\u00e9z\u00f3"},"image":{"@id":"https:\/\/rojtesbojt.hu\/#\/schema\/logo\/image\/"},"sameAs":["https:\/\/www.facebook.com\/rojtesbojtkaveskucko","https:\/\/www.instagram.com\/rojtesbojt\/","https:\/\/www.facebook.com\/rojtesbojtcoffee","https:\/\/www.tiktok.com\/@rojtesbojt"]}]}},"_links":{"self":[{"href":"https:\/\/rojtesbojt.hu\/zh\/wp-json\/wp\/v2\/pages\/3191","targetHints":{"allow":["GET"]}}],"collection":[{"href":"https:\/\/rojtesbojt.hu\/zh\/wp-json\/wp\/v2\/pages"}],"about":[{"href":"https:\/\/rojtesbojt.hu\/zh\/wp-json\/wp\/v2\/types\/page"}],"author":[{"embeddable":true,"href":"https:\/\/rojtesbojt.hu\/zh\/wp-json\/wp\/v2\/users\/1"}],"replies":[{"embeddable":true,"href":"https:\/\/rojtesbojt.hu\/zh\/wp-json\/wp\/v2\/comments?post=3191"}],"version-history":[{"count":0,"href":"https:\/\/rojtesbojt.hu\/zh\/wp-json\/wp\/v2\/pages\/3191\/revisions"}],"wp:attachment":[{"href":"https:\/\/rojtesbojt.hu\/zh\/wp-json\/wp\/v2\/media?parent=3191"}],"curies":[{"name":"wp","href":"https:\/\/api.w.org\/{rel}","templated":true}]}}